{"id":59,"date":"2026-02-15T23:44:51","date_gmt":"2026-02-15T22:44:51","guid":{"rendered":"https:\/\/22046.adrirodrigof6.es\/?page_id=59"},"modified":"2026-04-12T22:59:11","modified_gmt":"2026-04-12T20:59:11","slug":"com-arribar","status":"publish","type":"page","link":"https:\/\/22046.adrirodrigof6.es\/es\/com-arribar\/","title":{"rendered":"C\u00f3mo llegar"},"content":{"rendered":"<div data-elementor-type=\"wp-page\" data-elementor-id=\"59\" class=\"elementor elementor-59\" data-elementor-post-type=\"page\">\n\t\t\t\t\t\t<section class=\"elementor-section elementor-top-section elementor-element elementor-element-6ca4e86d elementor-section-boxed elementor-section-height-default elementor-section-height-default\" data-id=\"6ca4e86d\" data-element_type=\"section\" data-e-type=\"section\">\n\t\t\t\t\t\t<div class=\"elementor-container elementor-column-gap-default\">\n\t\t\t\t\t<div class=\"elementor-column elementor-col-100 elementor-top-column elementor-element elementor-element-ac32399\" data-id=\"ac32399\" data-element_type=\"column\" data-e-type=\"column\" data-settings=\"{&quot;background_background&quot;:&quot;classic&quot;}\">\n\t\t\t<div class=\"elementor-widget-wrap elementor-element-populated\">\n\t\t\t\t\t<div class=\"elementor-background-overlay\"><\/div>\n\t\t\t\t\t\t<div class=\"elementor-element elementor-element-6b02d9e5 elementor-widget elementor-widget-heading\" data-id=\"6b02d9e5\" data-element_type=\"widget\" data-e-type=\"widget\" data-widget_type=\"heading.default\">\n\t\t\t\t<div class=\"elementor-widget-container\">\n\t\t\t\t\t<h2 class=\"elementor-heading-title elementor-size-default\">C\u00f3mo llegar<\/h2>\t\t\t\t<\/div>\n\t\t\t\t<\/div>\n\t\t\t\t\t<\/div>\n\t\t<\/div>\n\t\t\t\t\t<\/div>\n\t\t<\/section>\n\t\t\t\t<section class=\"elementor-section elementor-top-section elementor-element elementor-element-272c6a2b elementor-section-boxed elementor-section-height-default elementor-section-height-default\" data-id=\"272c6a2b\" data-element_type=\"section\" data-e-type=\"section\">\n\t\t\t\t\t\t<div class=\"elementor-container elementor-column-gap-default\">\n\t\t\t\t\t<div class=\"elementor-column elementor-col-50 elementor-top-column elementor-element elementor-element-7f98352\" data-id=\"7f98352\" data-element_type=\"column\" data-e-type=\"column\" data-settings=\"{&quot;background_background&quot;:&quot;classic&quot;}\">\n\t\t\t<div class=\"elementor-widget-wrap elementor-element-populated\">\n\t\t\t\t\t\t<div class=\"elementor-element elementor-element-71f80d7 elementor-widget elementor-widget-heading\" data-id=\"71f80d7\" data-element_type=\"widget\" data-e-type=\"widget\" data-widget_type=\"heading.default\">\n\t\t\t\t<div class=\"elementor-widget-container\">\n\t\t\t\t\t<h2 class=\"elementor-heading-title elementor-size-default\">H\u00edpica l'Alzina, Masia Can Garrigosa, 08230 Matadepera, Barcelona<\/h2>\t\t\t\t<\/div>\n\t\t\t\t<\/div>\n\t\t\t\t<div class=\"elementor-element elementor-element-73f1cc9 elementor-widget elementor-widget-google_maps\" data-id=\"73f1cc9\" data-element_type=\"widget\" data-e-type=\"widget\" data-widget_type=\"google_maps.default\">\n\t\t\t\t<div class=\"elementor-widget-container\">\n\t\t\t\t\t\t\t<div class=\"elementor-custom-embed\">\n\t\t\t<iframe loading=\"lazy\"\n\t\t\t\t\tsrc=\"https:\/\/maps.google.com\/maps?q=Masia%20de%20can%20garrigosa%2C%2008230%20Matadepera%2C%20Barcelona%2C%20Espa%C3%B1a&#038;t=m&#038;z=13&#038;output=embed&#038;iwloc=near\"\n\t\t\t\t\ttitle=\"H\u00edpica l&#039;Alzina, Masia Can Garrigosa, 08230 Matadepera, Barcelona\"\n\t\t\t\t\taria-label=\"H\u00edpica l&#039;Alzina, Masia Can Garrigosa, 08230 Matadepera, Barcelona\"\n\t\t\t><\/iframe>\n\t\t<\/div>\n\t\t\t\t\t\t<\/div>\n\t\t\t\t<\/div>\n\t\t\t\t\t<\/div>\n\t\t<\/div>\n\t\t\t\t<div class=\"elementor-column elementor-col-50 elementor-top-column elementor-element elementor-element-6c1d6a4\" data-id=\"6c1d6a4\" data-element_type=\"column\" data-e-type=\"column\">\n\t\t\t<div class=\"elementor-widget-wrap elementor-element-populated\">\n\t\t\t\t\t\t<div class=\"elementor-element elementor-element-842f6cb elementor-widget elementor-widget-image\" data-id=\"842f6cb\" data-element_type=\"widget\" data-e-type=\"widget\" data-widget_type=\"image.default\">\n\t\t\t\t<div class=\"elementor-widget-container\">\n\t\t\t\t\t\t\t\t\t\t\t\t\t\t\t<img fetchpriority=\"high\" decoding=\"async\" width=\"800\" height=\"845\" src=\"https:\/\/22046.adrirodrigof6.es\/wp-content\/uploads\/2026\/02\/mapa-scaled-e1771213090420-970x1024.jpg\" class=\"attachment-large size-large wp-image-608\" alt=\"\" srcset=\"https:\/\/22046.adrirodrigof6.es\/wp-content\/uploads\/2026\/02\/mapa-scaled-e1771213090420-970x1024.jpg 970w, https:\/\/22046.adrirodrigof6.es\/wp-content\/uploads\/2026\/02\/mapa-scaled-e1771213090420-284x300.jpg 284w, https:\/\/22046.adrirodrigof6.es\/wp-content\/uploads\/2026\/02\/mapa-scaled-e1771213090420-768x811.jpg 768w, https:\/\/22046.adrirodrigof6.es\/wp-content\/uploads\/2026\/02\/mapa-scaled-e1771213090420-1454x1536.jpg 1454w, https:\/\/22046.adrirodrigof6.es\/wp-content\/uploads\/2026\/02\/mapa-scaled-e1771213090420-1939x2048.jpg 1939w, https:\/\/22046.adrirodrigof6.es\/wp-content\/uploads\/2026\/02\/mapa-scaled-e1771213090420.jpg 2048w\" sizes=\"(max-width: 800px) 100vw, 800px\" \/>\t\t\t\t\t\t\t\t\t\t\t\t\t\t\t<\/div>\n\t\t\t\t<\/div>\n\t\t\t\t\t<\/div>\n\t\t<\/div>\n\t\t\t\t\t<\/div>\n\t\t<\/section>\n\t\t<div class=\"elementor-element elementor-element-af475f2 e-flex e-con-boxed e-con e-parent\" data-id=\"af475f2\" data-element_type=\"container\" data-e-type=\"container\" data-settings=\"{&quot;background_background&quot;:&quot;classic&quot;}\">\n\t\t\t\t\t<div class=\"e-con-inner\">\n\t\t\t\t<div class=\"elementor-element elementor-element-d5ac651 elementor-widget elementor-widget-heading\" data-id=\"d5ac651\" data-element_type=\"widget\" data-e-type=\"widget\" data-widget_type=\"heading.default\">\n\t\t\t\t<div class=\"elementor-widget-container\">\n\t\t\t\t\t<h2 class=\"elementor-heading-title elementor-size-default\">Informaci\u00f3n de acceso<\/h2>\t\t\t\t<\/div>\n\t\t\t\t<\/div>\n\t\t<div class=\"elementor-element elementor-element-2d22077 e-grid e-con-full e-con e-child\" data-id=\"2d22077\" data-element_type=\"container\" data-e-type=\"container\">\n\t\t<div class=\"elementor-element elementor-element-e247513 e-con-full e-flex e-con e-child\" data-id=\"e247513\" data-element_type=\"container\" data-e-type=\"container\">\n\t\t\t\t<div class=\"elementor-element elementor-element-3b45122 elementor-widget elementor-widget-heading\" data-id=\"3b45122\" data-element_type=\"widget\" data-e-type=\"widget\" data-widget_type=\"heading.default\">\n\t\t\t\t<div class=\"elementor-widget-container\">\n\t\t\t\t\t<h2 class=\"elementor-heading-title elementor-size-default\">Transporte privado<\/h2>\t\t\t\t<\/div>\n\t\t\t\t<\/div>\n\t\t\t\t<div class=\"elementor-element elementor-element-d50bb64 elementor-widget elementor-widget-text-editor\" data-id=\"d50bb64\" data-element_type=\"widget\" data-e-type=\"widget\" data-widget_type=\"text-editor.default\">\n\t\t\t\t<div class=\"elementor-widget-container\">\n\t\t\t\t\t\t\t\t\t<p>Hay dos caminos Para llegar a Som Alaire en coche:<\/p><p><strong>1) Opci\u00f3n Parquing Torre del \u00c1ngel (recomendada)<\/strong><\/p><p>Hay que poner en el navegador, la direcci\u00f3n de Aparcamiento de la Torre del Angel (Crta. Terrassa en Talamanca, 2, BV-1221, 08230 Matadepera, Barcelona).<\/p><p>Una vez en el parking seguir el plano de la imagen: Seguir el camino de tierra, que pasa por la riera de las arenas unos 100 metros, girar a la DERECHA, en el primer desv\u00edo que sube, continuar por el camino hasta llegar a una cadena. A partir de aqu\u00ed contactar con la persona que<br \/>haya quedado.<\/p><p><strong>2) Opci\u00f3n Can Robert<\/strong><\/p><p>Los navegadores te llevar\u00e1n por este camino si pones Asociaci\u00f3n Som Alaire, pero hay que tener en cuenta que puede ser m\u00e1s largo y que no te lleva hasta el parquing. Por tanto, es importante contactar una vez llegado a la cadena.<\/p>\t\t\t\t\t\t\t\t<\/div>\n\t\t\t\t<\/div>\n\t\t\t\t<\/div>\n\t\t<div class=\"elementor-element elementor-element-de95c0e e-con-full e-flex e-con e-child\" data-id=\"de95c0e\" data-element_type=\"container\" data-e-type=\"container\">\n\t\t\t\t<div class=\"elementor-element elementor-element-37a2b2f elementor-widget elementor-widget-heading\" data-id=\"37a2b2f\" data-element_type=\"widget\" data-e-type=\"widget\" data-widget_type=\"heading.default\">\n\t\t\t\t<div class=\"elementor-widget-container\">\n\t\t\t\t\t<h2 class=\"elementor-heading-title elementor-size-default\">Transporte p\u00fablico<\/h2>\t\t\t\t<\/div>\n\t\t\t\t<\/div>\n\t\t\t\t<div class=\"elementor-element elementor-element-24d5058 elementor-widget elementor-widget-text-editor\" data-id=\"24d5058\" data-element_type=\"widget\" data-e-type=\"widget\" data-widget_type=\"text-editor.default\">\n\t\t\t\t<div class=\"elementor-widget-container\">\n\t\t\t\t\t\t\t\t\t<p>Para acceder en bus hay la l\u00ednea M8A (Terrassa-Matadepera)<\/p><p><em><strong><a href=\"https:\/\/horaris.gruptg.com\/tgo\/?linia=M8A\" target=\"_blank\" rel=\"noopener\">https:\/\/horaris.gruptg.com\/tgo\/?linia=M8A<\/a><\/strong><\/em><\/p><p>La parada m\u00e1s cercana a Som Alaire, es av. Can Marcet\/Avda. Roquefort<\/p><p>Una vez en la parada de bus, la entrada caminando es por Can Robert y se puede seguir el camino marcado por el Navegador, son unos 35-40 minutos andando.<\/p>\t\t\t\t\t\t\t\t<\/div>\n\t\t\t\t<\/div>\n\t\t\t\t<\/div>\n\t\t\t\t<\/div>\n\t\t\t\t\t<\/div>\n\t\t\t\t<\/div>\n\t\t\t\t<\/div>","protected":false},"excerpt":{"rendered":"<p>Com arribar H\u00edpica l&#8217;Alzina, Masia Can Garrigosa, 08230 Matadepera, Barcelona Informaci\u00f3 d&#8217;acc\u00e9s Transport privat Hi ha dos camins Per arribar a Som Alaire amb cotxe: 1) Opci\u00f3 Parquing Torre de l\u2019\u00c0ngel (recomanada) Cal posar en el navegador, la direcci\u00f3 d\u2019 Aparcament de la Torre de l\u2019Angel (Crta. Terrassa a Talamanca, 2, BV-1221, 08230 Matadepera, Barcelona). [&hellip;]<\/p>\n","protected":false},"author":7,"featured_media":0,"parent":0,"menu_order":0,"comment_status":"closed","ping_status":"closed","template":"elementor_header_footer","meta":{"footnotes":""},"class_list":["post-59","page","type-page","status-publish","hentry"],"yoast_head":"<!-- This site is optimized with the Yoast SEO plugin v27.4 - https:\/\/yoast.com\/product\/yoast-seo-wordpress\/ -->\n<title>Com arribar - Associaci\u00f3 Som Alaire<\/title>\n<meta name=\"robots\" content=\"noindex, follow, max-snippet:-1, max-image-preview:large, max-video-preview:-1\" \/>\n<meta property=\"og:locale\" content=\"es_ES\" \/>\n<meta property=\"og:type\" content=\"article\" \/>\n<meta property=\"og:title\" content=\"Com arribar - Associaci\u00f3 Som Alaire\" \/>\n<meta property=\"og:description\" content=\"Com arribar H\u00edpica l&#8217;Alzina, Masia Can Garrigosa, 08230 Matadepera, Barcelona Informaci\u00f3 d&#8217;acc\u00e9s Transport privat Hi ha dos camins Per arribar a Som Alaire amb cotxe: 1) Opci\u00f3 Parquing Torre de l\u2019\u00c0ngel (recomanada) Cal posar en el navegador, la direcci\u00f3 d\u2019 Aparcament de la Torre de l\u2019Angel (Crta. Terrassa a Talamanca, 2, BV-1221, 08230 Matadepera, Barcelona). [&hellip;]\" \/>\n<meta property=\"og:url\" content=\"https:\/\/22046.adrirodrigof6.es\/es\/com-arribar\/\" \/>\n<meta property=\"og:site_name\" content=\"Associaci\u00f3 Som Alaire\" \/>\n<meta property=\"article:modified_time\" content=\"2026-04-12T20:59:11+00:00\" \/>\n<meta property=\"og:image\" content=\"https:\/\/22046.adrirodrigof6.es\/wp-content\/uploads\/2026\/02\/mapa-scaled-e1771213090420.jpg\" \/>\n\t<meta property=\"og:image:width\" content=\"2048\" \/>\n\t<meta property=\"og:image:height\" content=\"2163\" \/>\n\t<meta property=\"og:image:type\" content=\"image\/jpeg\" \/>\n<meta name=\"twitter:card\" content=\"summary_large_image\" \/>\n<meta name=\"twitter:label1\" content=\"Tiempo de lectura\" \/>\n\t<meta name=\"twitter:data1\" content=\"2 minutos\" \/>\n<script type=\"application\/ld+json\" class=\"yoast-schema-graph\">{\"@context\":\"https:\\\/\\\/schema.org\",\"@graph\":[{\"@type\":\"WebPage\",\"@id\":\"https:\\\/\\\/22046.adrirodrigof6.es\\\/com-arribar\\\/\",\"url\":\"https:\\\/\\\/22046.adrirodrigof6.es\\\/com-arribar\\\/\",\"name\":\"Com arribar - Associaci\u00f3 Som Alaire\",\"isPartOf\":{\"@id\":\"https:\\\/\\\/22046.adrirodrigof6.es\\\/#website\"},\"primaryImageOfPage\":{\"@id\":\"https:\\\/\\\/22046.adrirodrigof6.es\\\/com-arribar\\\/#primaryimage\"},\"image\":{\"@id\":\"https:\\\/\\\/22046.adrirodrigof6.es\\\/com-arribar\\\/#primaryimage\"},\"thumbnailUrl\":\"https:\\\/\\\/22046.adrirodrigof6.es\\\/wp-content\\\/uploads\\\/2026\\\/02\\\/mapa-scaled-e1771213090420-970x1024.jpg\",\"datePublished\":\"2026-02-15T22:44:51+00:00\",\"dateModified\":\"2026-04-12T20:59:11+00:00\",\"breadcrumb\":{\"@id\":\"https:\\\/\\\/22046.adrirodrigof6.es\\\/com-arribar\\\/#breadcrumb\"},\"inLanguage\":\"es\",\"potentialAction\":[{\"@type\":\"ReadAction\",\"target\":[\"https:\\\/\\\/22046.adrirodrigof6.es\\\/com-arribar\\\/\"]}]},{\"@type\":\"ImageObject\",\"inLanguage\":\"es\",\"@id\":\"https:\\\/\\\/22046.adrirodrigof6.es\\\/com-arribar\\\/#primaryimage\",\"url\":\"https:\\\/\\\/22046.adrirodrigof6.es\\\/wp-content\\\/uploads\\\/2026\\\/02\\\/mapa-scaled-e1771213090420-970x1024.jpg\",\"contentUrl\":\"https:\\\/\\\/22046.adrirodrigof6.es\\\/wp-content\\\/uploads\\\/2026\\\/02\\\/mapa-scaled-e1771213090420-970x1024.jpg\"},{\"@type\":\"BreadcrumbList\",\"@id\":\"https:\\\/\\\/22046.adrirodrigof6.es\\\/com-arribar\\\/#breadcrumb\",\"itemListElement\":[{\"@type\":\"ListItem\",\"position\":1,\"name\":\"Portada\",\"item\":\"https:\\\/\\\/22046.adrirodrigof6.es\\\/\"},{\"@type\":\"ListItem\",\"position\":2,\"name\":\"Com arribar\"}]},{\"@type\":\"WebSite\",\"@id\":\"https:\\\/\\\/22046.adrirodrigof6.es\\\/#website\",\"url\":\"https:\\\/\\\/22046.adrirodrigof6.es\\\/\",\"name\":\"Associaci\u00f3 Som Alaire\",\"description\":\"Ter\u00e0pies assistides amb cavalls\",\"publisher\":{\"@id\":\"https:\\\/\\\/22046.adrirodrigof6.es\\\/#organization\"},\"potentialAction\":[{\"@type\":\"SearchAction\",\"target\":{\"@type\":\"EntryPoint\",\"urlTemplate\":\"https:\\\/\\\/22046.adrirodrigof6.es\\\/?s={search_term_string}\"},\"query-input\":{\"@type\":\"PropertyValueSpecification\",\"valueRequired\":true,\"valueName\":\"search_term_string\"}}],\"inLanguage\":\"es\"},{\"@type\":\"Organization\",\"@id\":\"https:\\\/\\\/22046.adrirodrigof6.es\\\/#organization\",\"name\":\"Associaci\u00f3 Som Alaire\",\"url\":\"https:\\\/\\\/22046.adrirodrigof6.es\\\/\",\"logo\":{\"@type\":\"ImageObject\",\"inLanguage\":\"es\",\"@id\":\"https:\\\/\\\/22046.adrirodrigof6.es\\\/#\\\/schema\\\/logo\\\/image\\\/\",\"url\":\"https:\\\/\\\/22046.adrirodrigof6.es\\\/wp-content\\\/uploads\\\/2026\\\/04\\\/som-alaire-logo-1.png\",\"contentUrl\":\"https:\\\/\\\/22046.adrirodrigof6.es\\\/wp-content\\\/uploads\\\/2026\\\/04\\\/som-alaire-logo-1.png\",\"width\":972,\"height\":256,\"caption\":\"Associaci\u00f3 Som Alaire\"},\"image\":{\"@id\":\"https:\\\/\\\/22046.adrirodrigof6.es\\\/#\\\/schema\\\/logo\\\/image\\\/\"}}]}<\/script>\n<!-- \/ Yoast SEO plugin. -->","yoast_head_json":{"title":"Com arribar - Associaci\u00f3 Som Alaire","robots":{"index":"noindex","follow":"follow","max-snippet":"max-snippet:-1","max-image-preview":"max-image-preview:large","max-video-preview":"max-video-preview:-1"},"og_locale":"es_ES","og_type":"article","og_title":"Com arribar - Associaci\u00f3 Som Alaire","og_description":"Com arribar H\u00edpica l&#8217;Alzina, Masia Can Garrigosa, 08230 Matadepera, Barcelona Informaci\u00f3 d&#8217;acc\u00e9s Transport privat Hi ha dos camins Per arribar a Som Alaire amb cotxe: 1) Opci\u00f3 Parquing Torre de l\u2019\u00c0ngel (recomanada) Cal posar en el navegador, la direcci\u00f3 d\u2019 Aparcament de la Torre de l\u2019Angel (Crta. Terrassa a Talamanca, 2, BV-1221, 08230 Matadepera, Barcelona). [&hellip;]","og_url":"https:\/\/22046.adrirodrigof6.es\/es\/com-arribar\/","og_site_name":"Associaci\u00f3 Som Alaire","article_modified_time":"2026-04-12T20:59:11+00:00","og_image":[{"width":2048,"height":2163,"url":"https:\/\/22046.adrirodrigof6.es\/wp-content\/uploads\/2026\/02\/mapa-scaled-e1771213090420.jpg","type":"image\/jpeg"}],"twitter_card":"summary_large_image","twitter_misc":{"Tiempo de lectura":"2 minutos"},"schema":{"@context":"https:\/\/schema.org","@graph":[{"@type":"WebPage","@id":"https:\/\/22046.adrirodrigof6.es\/com-arribar\/","url":"https:\/\/22046.adrirodrigof6.es\/com-arribar\/","name":"Com arribar - Associaci\u00f3 Som Alaire","isPartOf":{"@id":"https:\/\/22046.adrirodrigof6.es\/#website"},"primaryImageOfPage":{"@id":"https:\/\/22046.adrirodrigof6.es\/com-arribar\/#primaryimage"},"image":{"@id":"https:\/\/22046.adrirodrigof6.es\/com-arribar\/#primaryimage"},"thumbnailUrl":"https:\/\/22046.adrirodrigof6.es\/wp-content\/uploads\/2026\/02\/mapa-scaled-e1771213090420-970x1024.jpg","datePublished":"2026-02-15T22:44:51+00:00","dateModified":"2026-04-12T20:59:11+00:00","breadcrumb":{"@id":"https:\/\/22046.adrirodrigof6.es\/com-arribar\/#breadcrumb"},"inLanguage":"es","potentialAction":[{"@type":"ReadAction","target":["https:\/\/22046.adrirodrigof6.es\/com-arribar\/"]}]},{"@type":"ImageObject","inLanguage":"es","@id":"https:\/\/22046.adrirodrigof6.es\/com-arribar\/#primaryimage","url":"https:\/\/22046.adrirodrigof6.es\/wp-content\/uploads\/2026\/02\/mapa-scaled-e1771213090420-970x1024.jpg","contentUrl":"https:\/\/22046.adrirodrigof6.es\/wp-content\/uploads\/2026\/02\/mapa-scaled-e1771213090420-970x1024.jpg"},{"@type":"BreadcrumbList","@id":"https:\/\/22046.adrirodrigof6.es\/com-arribar\/#breadcrumb","itemListElement":[{"@type":"ListItem","position":1,"name":"Portada","item":"https:\/\/22046.adrirodrigof6.es\/"},{"@type":"ListItem","position":2,"name":"Com arribar"}]},{"@type":"WebSite","@id":"https:\/\/22046.adrirodrigof6.es\/#website","url":"https:\/\/22046.adrirodrigof6.es\/","name":"Associaci\u00f3 Som Alaire","description":"Ter\u00e0pies assistides amb cavalls","publisher":{"@id":"https:\/\/22046.adrirodrigof6.es\/#organization"},"potentialAction":[{"@type":"SearchAction","target":{"@type":"EntryPoint","urlTemplate":"https:\/\/22046.adrirodrigof6.es\/?s={search_term_string}"},"query-input":{"@type":"PropertyValueSpecification","valueRequired":true,"valueName":"search_term_string"}}],"inLanguage":"es"},{"@type":"Organization","@id":"https:\/\/22046.adrirodrigof6.es\/#organization","name":"Associaci\u00f3 Som Alaire","url":"https:\/\/22046.adrirodrigof6.es\/","logo":{"@type":"ImageObject","inLanguage":"es","@id":"https:\/\/22046.adrirodrigof6.es\/#\/schema\/logo\/image\/","url":"https:\/\/22046.adrirodrigof6.es\/wp-content\/uploads\/2026\/04\/som-alaire-logo-1.png","contentUrl":"https:\/\/22046.adrirodrigof6.es\/wp-content\/uploads\/2026\/04\/som-alaire-logo-1.png","width":972,"height":256,"caption":"Associaci\u00f3 Som Alaire"},"image":{"@id":"https:\/\/22046.adrirodrigof6.es\/#\/schema\/logo\/image\/"}}]}},"_links":{"self":[{"href":"https:\/\/22046.adrirodrigof6.es\/es\/wp-json\/wp\/v2\/pages\/59","targetHints":{"allow":["GET"]}}],"collection":[{"href":"https:\/\/22046.adrirodrigof6.es\/es\/wp-json\/wp\/v2\/pages"}],"about":[{"href":"https:\/\/22046.adrirodrigof6.es\/es\/wp-json\/wp\/v2\/types\/page"}],"author":[{"embeddable":true,"href":"https:\/\/22046.adrirodrigof6.es\/es\/wp-json\/wp\/v2\/users\/7"}],"replies":[{"embeddable":true,"href":"https:\/\/22046.adrirodrigof6.es\/es\/wp-json\/wp\/v2\/comments?post=59"}],"version-history":[{"count":44,"href":"https:\/\/22046.adrirodrigof6.es\/es\/wp-json\/wp\/v2\/pages\/59\/revisions"}],"predecessor-version":[{"id":762,"href":"https:\/\/22046.adrirodrigof6.es\/es\/wp-json\/wp\/v2\/pages\/59\/revisions\/762"}],"wp:attachment":[{"href":"https:\/\/22046.adrirodrigof6.es\/es\/wp-json\/wp\/v2\/media?parent=59"}],"curies":[{"name":"wp","href":"https:\/\/api.w.org\/{rel}","templated":true}]}}