{"id":57,"date":"2026-02-15T23:44:16","date_gmt":"2026-02-15T22:44:16","guid":{"rendered":"https:\/\/22046.adrirodrigof6.es\/?page_id=57"},"modified":"2026-04-12T22:58:06","modified_gmt":"2026-04-12T20:58:06","slug":"ens-ajudes","status":"publish","type":"page","link":"https:\/\/22046.adrirodrigof6.es\/es\/ens-ajudes\/","title":{"rendered":"\u00bfNos ayudas?"},"content":{"rendered":"\t\t<div data-elementor-type=\"wp-page\" data-elementor-id=\"57\" class=\"elementor elementor-57\" data-elementor-post-type=\"page\">\n\t\t\t\t\t\t<section class=\"elementor-section elementor-top-section elementor-element elementor-element-9728564 elementor-section-boxed elementor-section-height-default elementor-section-height-default\" data-id=\"9728564\" data-element_type=\"section\" data-e-type=\"section\">\n\t\t\t\t\t\t<div class=\"elementor-container elementor-column-gap-default\">\n\t\t\t\t\t<div class=\"elementor-column elementor-col-100 elementor-top-column elementor-element elementor-element-4005dc0f\" data-id=\"4005dc0f\" data-element_type=\"column\" data-e-type=\"column\" data-settings=\"{&quot;background_background&quot;:&quot;classic&quot;}\">\n\t\t\t<div class=\"elementor-widget-wrap elementor-element-populated\">\n\t\t\t\t\t<div class=\"elementor-background-overlay\"><\/div>\n\t\t\t\t\t\t<div class=\"elementor-element elementor-element-7bfc092d elementor-widget elementor-widget-heading\" data-id=\"7bfc092d\" data-element_type=\"widget\" data-e-type=\"widget\" data-widget_type=\"heading.default\">\n\t\t\t\t<div class=\"elementor-widget-container\">\n\t\t\t\t\t<h2 class=\"elementor-heading-title elementor-size-default\">Ens ajudes?<\/h2>\t\t\t\t<\/div>\n\t\t\t\t<\/div>\n\t\t\t\t\t<\/div>\n\t\t<\/div>\n\t\t\t\t\t<\/div>\n\t\t<\/section>\n\t\t<div class=\"elementor-element elementor-element-6b7492a2 e-flex e-con-boxed e-con e-parent\" data-id=\"6b7492a2\" data-element_type=\"container\" data-e-type=\"container\">\n\t\t\t\t\t<div class=\"e-con-inner\">\n\t\t<div class=\"elementor-element elementor-element-7dd770b8 e-con-full e-flex e-con e-child\" data-id=\"7dd770b8\" data-element_type=\"container\" data-e-type=\"container\" data-settings=\"{&quot;background_background&quot;:&quot;classic&quot;}\">\n\t\t\t\t<div class=\"elementor-element elementor-element-7ce6e304 elementor-widget-tablet__width-initial elementor-widget elementor-widget-heading\" data-id=\"7ce6e304\" data-element_type=\"widget\" data-e-type=\"widget\" data-widget_type=\"heading.default\">\n\t\t\t\t<div class=\"elementor-widget-container\">\n\t\t\t\t\t<h2 class=\"elementor-heading-title elementor-size-default\">Voluntariat<\/h2>\t\t\t\t<\/div>\n\t\t\t\t<\/div>\n\t\t\t\t<div class=\"elementor-element elementor-element-58acf084 elementor-widget elementor-widget-text-editor\" data-id=\"58acf084\" data-element_type=\"widget\" data-e-type=\"widget\" data-widget_type=\"text-editor.default\">\n\t\t\t\t<div class=\"elementor-widget-container\">\n\t\t\t\t\t\t\t\t\t<p>Les persones volunt\u00e0ries s\u00f3n una part molt valuosa del nostre projecte. Abans de comen\u00e7ar, oferim una formaci\u00f3 b\u00e0sica sobre el maneig dels cavalls i sobre com donar suport a les sessions d\u2019hipoter\u00e0pia.<\/p><p>Les seves tasques poden incloure el suport en les activitats amb cavalls, l\u2019acompanyament durant algunes sessions i la col\u00b7laboraci\u00f3 en el manteniment de l\u2019espai.<\/p><p>Per a nosaltres, el comprom\u00eds i la responsabilitat s\u00f3n valors imprescindibles, ja que els<br \/>voluntaris i volunt\u00e0ries formen part activa del bon funcionament de l\u2019associaci\u00f3.<\/p>\t\t\t\t\t\t\t\t<\/div>\n\t\t\t\t<\/div>\n\t\t\t\t<\/div>\n\t\t<div class=\"elementor-element elementor-element-4b4605e3 e-con-full e-flex e-con e-child\" data-id=\"4b4605e3\" data-element_type=\"container\" data-e-type=\"container\" data-settings=\"{&quot;background_background&quot;:&quot;classic&quot;}\">\n\t\t\t\t<div class=\"elementor-element elementor-element-d8be965 elementor-widget elementor-widget-image\" data-id=\"d8be965\" data-element_type=\"widget\" data-e-type=\"widget\" data-widget_type=\"image.default\">\n\t\t\t\t<div class=\"elementor-widget-container\">\n\t\t\t\t\t\t\t\t\t\t\t\t\t\t\t<img fetchpriority=\"high\" decoding=\"async\" width=\"800\" height=\"533\" src=\"https:\/\/22046.adrirodrigof6.es\/wp-content\/uploads\/2026\/02\/1751266847452-1024x682.jpg\" class=\"attachment-large size-large wp-image-397\" alt=\"\" srcset=\"https:\/\/22046.adrirodrigof6.es\/wp-content\/uploads\/2026\/02\/1751266847452-1024x682.jpg 1024w, https:\/\/22046.adrirodrigof6.es\/wp-content\/uploads\/2026\/02\/1751266847452-300x200.jpg 300w, https:\/\/22046.adrirodrigof6.es\/wp-content\/uploads\/2026\/02\/1751266847452-768x512.jpg 768w, https:\/\/22046.adrirodrigof6.es\/wp-content\/uploads\/2026\/02\/1751266847452-1536x1024.jpg 1536w, https:\/\/22046.adrirodrigof6.es\/wp-content\/uploads\/2026\/02\/1751266847452-2048x1365.jpg 2048w\" sizes=\"(max-width: 800px) 100vw, 800px\" \/>\t\t\t\t\t\t\t\t\t\t\t\t\t\t\t<\/div>\n\t\t\t\t<\/div>\n\t\t\t\t<\/div>\n\t\t\t\t\t<\/div>\n\t\t\t\t<\/div>\n\t\t<div class=\"elementor-element elementor-element-6783513 e-flex e-con-boxed e-con e-parent\" data-id=\"6783513\" data-element_type=\"container\" data-e-type=\"container\">\n\t\t\t\t\t<div class=\"e-con-inner\">\n\t\t<div class=\"elementor-element elementor-element-0f27b79 e-con-full e-flex e-con e-child\" data-id=\"0f27b79\" data-element_type=\"container\" data-e-type=\"container\" data-settings=\"{&quot;background_background&quot;:&quot;classic&quot;}\">\n\t\t\t\t<div class=\"elementor-element elementor-element-e3fa907 elementor-widget elementor-widget-image\" data-id=\"e3fa907\" data-element_type=\"widget\" data-e-type=\"widget\" data-widget_type=\"image.default\">\n\t\t\t\t<div class=\"elementor-widget-container\">\n\t\t\t\t\t\t\t\t\t\t\t\t\t\t\t<img decoding=\"async\" width=\"800\" height=\"533\" src=\"https:\/\/22046.adrirodrigof6.es\/wp-content\/uploads\/2026\/04\/pexels-danykurstudio-12357530-1024x682.jpg\" class=\"attachment-large size-large wp-image-715\" alt=\"\" srcset=\"https:\/\/22046.adrirodrigof6.es\/wp-content\/uploads\/2026\/04\/pexels-danykurstudio-12357530-1024x682.jpg 1024w, https:\/\/22046.adrirodrigof6.es\/wp-content\/uploads\/2026\/04\/pexels-danykurstudio-12357530-300x200.jpg 300w, https:\/\/22046.adrirodrigof6.es\/wp-content\/uploads\/2026\/04\/pexels-danykurstudio-12357530-768x512.jpg 768w, https:\/\/22046.adrirodrigof6.es\/wp-content\/uploads\/2026\/04\/pexels-danykurstudio-12357530-18x12.jpg 18w, https:\/\/22046.adrirodrigof6.es\/wp-content\/uploads\/2026\/04\/pexels-danykurstudio-12357530.jpg 1280w\" sizes=\"(max-width: 800px) 100vw, 800px\" \/>\t\t\t\t\t\t\t\t\t\t\t\t\t\t\t<\/div>\n\t\t\t\t<\/div>\n\t\t\t\t<\/div>\n\t\t<div class=\"elementor-element elementor-element-07db359 e-con-full e-flex e-con e-child\" data-id=\"07db359\" data-element_type=\"container\" data-e-type=\"container\" data-settings=\"{&quot;background_background&quot;:&quot;classic&quot;}\">\n\t\t\t\t<div class=\"elementor-element elementor-element-5907eb9 elementor-widget-tablet__width-initial elementor-widget elementor-widget-heading\" data-id=\"5907eb9\" data-element_type=\"widget\" data-e-type=\"widget\" data-widget_type=\"heading.default\">\n\t\t\t\t<div class=\"elementor-widget-container\">\n\t\t\t\t\t<h2 class=\"elementor-heading-title elementor-size-default\">Donacions<\/h2>\t\t\t\t<\/div>\n\t\t\t\t<\/div>\n\t\t\t\t<div class=\"elementor-element elementor-element-4be75be elementor-widget elementor-widget-text-editor\" data-id=\"4be75be\" data-element_type=\"widget\" data-e-type=\"widget\" data-widget_type=\"text-editor.default\">\n\t\t\t\t<div class=\"elementor-widget-container\">\n\t\t\t\t\t\t\t\t\t<p>A trav\u00e9s de la plataforma Mi Grano de Arena o Teaming pots col\u00b7laborar amb Som Alaire fent una donaci\u00f3 destinada a millorar l\u2019espai on desenvolupem les ter\u00e0pies i, sobretot, a cuidar la salut i el benestar dels cavalls, que s\u00f3n una part essencial del projecte.<\/p><p>Mi grano de Arena: <em><strong><a href=\"https:\/\/www.migranodearena.org\/usuario\/associacio-som-alaire\" target=\"_blank\" rel=\"noopener\">https:\/\/www.migranodearena.org\/usuario\/associacio-som-alaire<\/a><\/strong><\/em><\/p><p>Teaming: <em><strong><a href=\"https:\/\/share.google\/cQl5Uv25cvodue3IO\" target=\"_blank\" rel=\"noopener\">https:\/\/share.google\/cQl5Uv25cvodue3IO<\/a><\/strong><\/em><\/p><p>Tamb\u00e9 pots fer una donaci\u00f3 puntual directament al nostre n\u00famero de compte; si ho<br \/>prefereixes, contacta amb nosaltres a trav\u00e9s del formulari per rebre les instruccions.<\/p><p>Cada aportaci\u00f3, per petita que sigui, ens ajuda a continuar oferint activitats terap\u00e8utiques.<\/p>\t\t\t\t\t\t\t\t<\/div>\n\t\t\t\t<\/div>\n\t\t\t\t<\/div>\n\t\t\t\t\t<\/div>\n\t\t\t\t<\/div>\n\t\t<div class=\"elementor-element elementor-element-1edd289 e-flex e-con-boxed e-con e-parent\" data-id=\"1edd289\" data-element_type=\"container\" data-e-type=\"container\">\n\t\t\t\t\t<div class=\"e-con-inner\">\n\t\t<div class=\"elementor-element elementor-element-bd53e0f e-con-full e-flex e-con e-child\" data-id=\"bd53e0f\" data-element_type=\"container\" data-e-type=\"container\" data-settings=\"{&quot;background_background&quot;:&quot;classic&quot;}\">\n\t\t\t\t<div class=\"elementor-element elementor-element-d033f8d elementor-widget-tablet__width-initial elementor-widget elementor-widget-heading\" data-id=\"d033f8d\" data-element_type=\"widget\" data-e-type=\"widget\" data-widget_type=\"heading.default\">\n\t\t\t\t<div class=\"elementor-widget-container\">\n\t\t\t\t\t<h2 class=\"elementor-heading-title elementor-size-default\">Apadrina un cavall<\/h2>\t\t\t\t<\/div>\n\t\t\t\t<\/div>\n\t\t\t\t<div class=\"elementor-element elementor-element-53785a7 elementor-widget elementor-widget-text-editor\" data-id=\"53785a7\" data-element_type=\"widget\" data-e-type=\"widget\" data-widget_type=\"text-editor.default\">\n\t\t\t\t<div class=\"elementor-widget-container\">\n\t\t\t\t\t\t\t\t\t<p>L\u2019apadrinament est\u00e0 destinat als cavalls que realitzen menys activitats a l\u2019associaci\u00f3 perqu\u00e8 ja estan jubilats, tot i que encara participen en alguns projectes.<\/p><p>Apadrinar un cavall no d\u00f3na dret a muntar-lo, per\u00f2 s\u00ed a venir a passejar amb ell, cuidar-lo i compartir temps i afecte. Les visites s\u2019han de concertar pr\u00e8viament amb l\u2019associaci\u00f3 per tal de no interferir amb les activitats del centre.<\/p><p>En el formulari de contacte ens podeu especificar quin tipus d\u2019informaci\u00f3 o consulta<br \/>necessiteu (sessions, voluntariat, apadrinament, donacions, etc.) i us contestarem el m\u00e9s<br \/>aviat possible.<\/p>\t\t\t\t\t\t\t\t<\/div>\n\t\t\t\t<\/div>\n\t\t\t\t<\/div>\n\t\t<div class=\"elementor-element elementor-element-42d6af8 e-con-full e-flex e-con e-child\" data-id=\"42d6af8\" data-element_type=\"container\" data-e-type=\"container\" data-settings=\"{&quot;background_background&quot;:&quot;classic&quot;}\">\n\t\t\t\t<div class=\"elementor-element elementor-element-832a00f elementor-button-align-stretch elementor-widget elementor-widget-form\" data-id=\"832a00f\" data-element_type=\"widget\" data-e-type=\"widget\" data-settings=\"{&quot;step_next_label&quot;:&quot;Next&quot;,&quot;step_previous_label&quot;:&quot;Previous&quot;,&quot;button_width&quot;:&quot;100&quot;,&quot;step_type&quot;:&quot;number_text&quot;,&quot;step_icon_shape&quot;:&quot;circle&quot;}\" data-widget_type=\"form.default\">\n\t\t\t\t<div class=\"elementor-widget-container\">\n\t\t\t\t\t\t\t<form class=\"elementor-form\" method=\"post\" name=\"VOLUNTARI\" aria-label=\"VOLUNTARI\">\n\t\t\t<input type=\"hidden\" name=\"post_id\" value=\"57\"\/>\n\t\t\t<input type=\"hidden\" name=\"form_id\" value=\"832a00f\"\/>\n\t\t\t<input type=\"hidden\" name=\"referer_title\" value=\"Ens ajudes? - Associaci\u00f3 Som Alaire\" \/>\n\n\t\t\t\t\t\t\t<input type=\"hidden\" name=\"queried_id\" value=\"57\"\/>\n\t\t\t\n\t\t\t<div class=\"elementor-form-fields-wrapper elementor-labels-above\">\n\t\t\t\t\t\t\t\t<div class=\"elementor-field-type-text elementor-field-group elementor-column elementor-field-group-name elementor-col-100 elementor-field-required elementor-mark-required\">\n\t\t\t\t\t\t\t\t\t\t\t\t<label for=\"form-field-name\" class=\"elementor-field-label\">\n\t\t\t\t\t\t\t\tNom\t\t\t\t\t\t\t<\/label>\n\t\t\t\t\t\t\t\t\t\t\t\t\t\t<input size=\"1\" type=\"text\" name=\"form_fields[name]\" id=\"form-field-name\" class=\"elementor-field elementor-size-sm  elementor-field-textual\" placeholder=\"Nom\" required=\"required\">\n\t\t\t\t\t\t\t\t\t\t\t<\/div>\n\t\t\t\t\t\t\t\t<div class=\"elementor-field-type-tel elementor-field-group elementor-column elementor-field-group-field_06c0e99 elementor-col-100 elementor-field-required elementor-mark-required\">\n\t\t\t\t\t\t\t\t\t\t\t\t<label for=\"form-field-field_06c0e99\" class=\"elementor-field-label\">\n\t\t\t\t\t\t\t\tTel\u00e8fon\t\t\t\t\t\t\t<\/label>\n\t\t\t\t\t\t\t\t<input size=\"1\" type=\"tel\" name=\"form_fields[field_06c0e99]\" id=\"form-field-field_06c0e99\" class=\"elementor-field elementor-size-sm  elementor-field-textual\" placeholder=\"Tel\u00e8fon\" required=\"required\" pattern=\"[0-9()#&amp;+*-=.]+\" title=\"Only numbers and phone characters (#, -, *, etc) are accepted.\">\n\n\t\t\t\t\t\t<\/div>\n\t\t\t\t\t\t\t\t<div class=\"elementor-field-type-email elementor-field-group elementor-column elementor-field-group-email elementor-col-100 elementor-field-required elementor-mark-required\">\n\t\t\t\t\t\t\t\t\t\t\t\t<label for=\"form-field-email\" class=\"elementor-field-label\">\n\t\t\t\t\t\t\t\tCorreu electr\u00f2nic\t\t\t\t\t\t\t<\/label>\n\t\t\t\t\t\t\t\t\t\t\t\t\t\t<input size=\"1\" type=\"email\" name=\"form_fields[email]\" id=\"form-field-email\" class=\"elementor-field elementor-size-sm  elementor-field-textual\" placeholder=\"Correu electr\u00f2nic\" required=\"required\">\n\t\t\t\t\t\t\t\t\t\t\t<\/div>\n\t\t\t\t\t\t\t\t<div class=\"elementor-field-type-select elementor-field-group elementor-column elementor-field-group-field_8862383 elementor-col-100 elementor-field-required elementor-mark-required\">\n\t\t\t\t\t\t\t\t\t\t\t\t<label for=\"form-field-field_8862383\" class=\"elementor-field-label\">\n\t\t\t\t\t\t\t\tCom ajudar\t\t\t\t\t\t\t<\/label>\n\t\t\t\t\t\t\t\t<div class=\"elementor-field elementor-select-wrapper remove-before \">\n\t\t\t<div class=\"select-caret-down-wrapper\">\n\t\t\t\t<svg aria-hidden=\"true\" class=\"e-font-icon-svg e-eicon-caret-down\" viewBox=\"0 0 571.4 571.4\" xmlns=\"http:\/\/www.w3.org\/2000\/svg\"><path d=\"M571 393Q571 407 561 418L311 668Q300 679 286 679T261 668L11 418Q0 407 0 393T11 368 36 357H536Q550 357 561 368T571 393Z\"><\/path><\/svg>\t\t\t<\/div>\n\t\t\t<select name=\"form_fields[field_8862383]\" id=\"form-field-field_8862383\" class=\"elementor-field-textual elementor-size-sm\" required=\"required\">\n\t\t\t\t\t\t\t\t\t<option value=\"VOLUNTARIAT\">VOLUNTARIAT<\/option>\n\t\t\t\t\t\t\t\t\t<option value=\"APADRINAR\">APADRINAR<\/option>\n\t\t\t\t\t\t\t\t\t<option value=\"DONACIONS\">DONACIONS<\/option>\n\t\t\t\t\t\t\t<\/select>\n\t\t<\/div>\n\t\t\t\t\t\t<\/div>\n\t\t\t\t\t\t\t\t<div class=\"elementor-field-type-textarea elementor-field-group elementor-column elementor-field-group-message elementor-col-100 elementor-field-required elementor-mark-required\">\n\t\t\t\t\t\t\t\t\t\t\t\t<label for=\"form-field-message\" class=\"elementor-field-label\">\n\t\t\t\t\t\t\t\tMissatge \t\t\t\t\t\t\t<\/label>\n\t\t\t\t\t\t<textarea class=\"elementor-field-textual elementor-field  elementor-size-sm\" name=\"form_fields[message]\" id=\"form-field-message\" rows=\"4\" placeholder=\"Missatge\" required=\"required\"><\/textarea>\t\t\t\t<\/div>\n\t\t\t\t\t\t\t\t<div class=\"elementor-field-type-acceptance elementor-field-group elementor-column elementor-field-group-field_e4b145a elementor-col-100\">\n\t\t\t\t\t\t\t\t\t\t\t\t<label for=\"form-field-field_e4b145a\" class=\"elementor-field-label\">\n\t\t\t\t\t\t\t\tAcceptacio\t\t\t\t\t\t\t<\/label>\n\t\t\t\t\t\t\t\t<div class=\"elementor-field-subgroup\">\n\t\t\t<span class=\"elementor-field-option\">\n\t\t\t\t<input type=\"checkbox\" name=\"form_fields[field_e4b145a]\" id=\"form-field-field_e4b145a\" class=\"elementor-field elementor-size-sm  elementor-acceptance-field\">\n\t\t\t\t<label for=\"form-field-field_e4b145a\">He llegit i accepto la <a href=\"\/Privacidad\" target=\"_blank\">Pol\u00edtica de Privadesa<\/a>\n<\/label>\t\t\t<\/span>\n\t\t<\/div>\n\t\t\t\t\t\t<\/div>\n\t\t\t\t\t\t\t\t<div class=\"elementor-field-type-recaptcha_v3 elementor-field-group elementor-column elementor-field-group-field_a0ea7b7 elementor-col-100 recaptcha_v3-bottomleft\">\n\t\t\t\t\t<div class=\"elementor-field\" id=\"form-field-field_a0ea7b7\"><\/div>\t\t\t\t<\/div>\n\t\t\t\t\t\t\t\t<div class=\"elementor-field-group elementor-column elementor-field-type-submit elementor-col-100 e-form__buttons\">\n\t\t\t\t\t<button class=\"elementor-button elementor-size-sm\" type=\"submit\">\n\t\t\t\t\t\t<span class=\"elementor-button-content-wrapper\">\n\t\t\t\t\t\t\t\t\t\t\t\t\t\t\t\t\t\t\t\t\t\t<span class=\"elementor-button-text\">Enviar<\/span>\n\t\t\t\t\t\t\t\t\t\t\t\t\t<\/span>\n\t\t\t\t\t<\/button>\n\t\t\t\t<\/div>\n\t\t\t<\/div>\n\t\t<\/form>\n\t\t\t\t\t\t<\/div>\n\t\t\t\t<\/div>\n\t\t\t\t<\/div>\n\t\t\t\t\t<\/div>\n\t\t\t\t<\/div>\n\t\t\t\t<\/div>\n\t\t","protected":false},"excerpt":{"rendered":"<p>Ens ajudes? Voluntariat Les persones volunt\u00e0ries s\u00f3n una part molt valuosa del nostre projecte. Abans de comen\u00e7ar, oferim una formaci\u00f3 b\u00e0sica sobre el maneig dels cavalls i sobre com donar suport a les sessions d\u2019hipoter\u00e0pia. Les seves tasques poden incloure el suport en les activitats amb cavalls, l\u2019acompanyament durant algunes sessions i la col\u00b7laboraci\u00f3 en [&hellip;]<\/p>\n","protected":false},"author":7,"featured_media":0,"parent":0,"menu_order":0,"comment_status":"closed","ping_status":"closed","template":"elementor_header_footer","meta":{"footnotes":""},"class_list":["post-57","page","type-page","status-publish","hentry"],"yoast_head":"<!-- This site is optimized with the Yoast SEO plugin v27.4 - https:\/\/yoast.com\/product\/yoast-seo-wordpress\/ -->\n<title>Ens ajudes? - Associaci\u00f3 Som Alaire<\/title>\n<meta name=\"robots\" content=\"noindex, follow, max-snippet:-1, max-image-preview:large, max-video-preview:-1\" \/>\n<meta property=\"og:locale\" content=\"es_ES\" \/>\n<meta property=\"og:type\" content=\"article\" \/>\n<meta property=\"og:title\" content=\"Ens ajudes? - Associaci\u00f3 Som Alaire\" \/>\n<meta property=\"og:description\" content=\"Ens ajudes? Voluntariat Les persones volunt\u00e0ries s\u00f3n una part molt valuosa del nostre projecte. Abans de comen\u00e7ar, oferim una formaci\u00f3 b\u00e0sica sobre el maneig dels cavalls i sobre com donar suport a les sessions d\u2019hipoter\u00e0pia. Les seves tasques poden incloure el suport en les activitats amb cavalls, l\u2019acompanyament durant algunes sessions i la col\u00b7laboraci\u00f3 en [&hellip;]\" \/>\n<meta property=\"og:url\" content=\"https:\/\/22046.adrirodrigof6.es\/es\/ens-ajudes\/\" \/>\n<meta property=\"og:site_name\" content=\"Associaci\u00f3 Som Alaire\" \/>\n<meta property=\"article:modified_time\" content=\"2026-04-12T20:58:06+00:00\" \/>\n<meta property=\"og:image\" content=\"https:\/\/22046.adrirodrigof6.es\/wp-content\/uploads\/2026\/02\/1751266847452-scaled.jpg\" \/>\n\t<meta property=\"og:image:width\" content=\"2560\" \/>\n\t<meta property=\"og:image:height\" content=\"1706\" \/>\n\t<meta property=\"og:image:type\" content=\"image\/jpeg\" \/>\n<meta name=\"twitter:card\" content=\"summary_large_image\" \/>\n<meta name=\"twitter:label1\" content=\"Tiempo de lectura\" \/>\n\t<meta name=\"twitter:data1\" content=\"2 minutos\" \/>\n<script type=\"application\/ld+json\" class=\"yoast-schema-graph\">{\"@context\":\"https:\\\/\\\/schema.org\",\"@graph\":[{\"@type\":\"WebPage\",\"@id\":\"https:\\\/\\\/22046.adrirodrigof6.es\\\/ens-ajudes\\\/\",\"url\":\"https:\\\/\\\/22046.adrirodrigof6.es\\\/ens-ajudes\\\/\",\"name\":\"Ens ajudes? - Associaci\u00f3 Som Alaire\",\"isPartOf\":{\"@id\":\"https:\\\/\\\/22046.adrirodrigof6.es\\\/#website\"},\"primaryImageOfPage\":{\"@id\":\"https:\\\/\\\/22046.adrirodrigof6.es\\\/ens-ajudes\\\/#primaryimage\"},\"image\":{\"@id\":\"https:\\\/\\\/22046.adrirodrigof6.es\\\/ens-ajudes\\\/#primaryimage\"},\"thumbnailUrl\":\"https:\\\/\\\/22046.adrirodrigof6.es\\\/wp-content\\\/uploads\\\/2026\\\/02\\\/1751266847452-1024x682.jpg\",\"datePublished\":\"2026-02-15T22:44:16+00:00\",\"dateModified\":\"2026-04-12T20:58:06+00:00\",\"breadcrumb\":{\"@id\":\"https:\\\/\\\/22046.adrirodrigof6.es\\\/ens-ajudes\\\/#breadcrumb\"},\"inLanguage\":\"es\",\"potentialAction\":[{\"@type\":\"ReadAction\",\"target\":[\"https:\\\/\\\/22046.adrirodrigof6.es\\\/ens-ajudes\\\/\"]}]},{\"@type\":\"ImageObject\",\"inLanguage\":\"es\",\"@id\":\"https:\\\/\\\/22046.adrirodrigof6.es\\\/ens-ajudes\\\/#primaryimage\",\"url\":\"https:\\\/\\\/22046.adrirodrigof6.es\\\/wp-content\\\/uploads\\\/2026\\\/02\\\/1751266847452-1024x682.jpg\",\"contentUrl\":\"https:\\\/\\\/22046.adrirodrigof6.es\\\/wp-content\\\/uploads\\\/2026\\\/02\\\/1751266847452-1024x682.jpg\"},{\"@type\":\"BreadcrumbList\",\"@id\":\"https:\\\/\\\/22046.adrirodrigof6.es\\\/ens-ajudes\\\/#breadcrumb\",\"itemListElement\":[{\"@type\":\"ListItem\",\"position\":1,\"name\":\"Portada\",\"item\":\"https:\\\/\\\/22046.adrirodrigof6.es\\\/\"},{\"@type\":\"ListItem\",\"position\":2,\"name\":\"Ens ajudes?\"}]},{\"@type\":\"WebSite\",\"@id\":\"https:\\\/\\\/22046.adrirodrigof6.es\\\/#website\",\"url\":\"https:\\\/\\\/22046.adrirodrigof6.es\\\/\",\"name\":\"Associaci\u00f3 Som Alaire\",\"description\":\"Ter\u00e0pies assistides amb cavalls\",\"publisher\":{\"@id\":\"https:\\\/\\\/22046.adrirodrigof6.es\\\/#organization\"},\"potentialAction\":[{\"@type\":\"SearchAction\",\"target\":{\"@type\":\"EntryPoint\",\"urlTemplate\":\"https:\\\/\\\/22046.adrirodrigof6.es\\\/?s={search_term_string}\"},\"query-input\":{\"@type\":\"PropertyValueSpecification\",\"valueRequired\":true,\"valueName\":\"search_term_string\"}}],\"inLanguage\":\"es\"},{\"@type\":\"Organization\",\"@id\":\"https:\\\/\\\/22046.adrirodrigof6.es\\\/#organization\",\"name\":\"Associaci\u00f3 Som Alaire\",\"url\":\"https:\\\/\\\/22046.adrirodrigof6.es\\\/\",\"logo\":{\"@type\":\"ImageObject\",\"inLanguage\":\"es\",\"@id\":\"https:\\\/\\\/22046.adrirodrigof6.es\\\/#\\\/schema\\\/logo\\\/image\\\/\",\"url\":\"https:\\\/\\\/22046.adrirodrigof6.es\\\/wp-content\\\/uploads\\\/2026\\\/04\\\/som-alaire-logo-1.png\",\"contentUrl\":\"https:\\\/\\\/22046.adrirodrigof6.es\\\/wp-content\\\/uploads\\\/2026\\\/04\\\/som-alaire-logo-1.png\",\"width\":972,\"height\":256,\"caption\":\"Associaci\u00f3 Som Alaire\"},\"image\":{\"@id\":\"https:\\\/\\\/22046.adrirodrigof6.es\\\/#\\\/schema\\\/logo\\\/image\\\/\"}}]}<\/script>\n<!-- \/ Yoast SEO plugin. -->","yoast_head_json":{"title":"Ens ajudes? - Associaci\u00f3 Som Alaire","robots":{"index":"noindex","follow":"follow","max-snippet":"max-snippet:-1","max-image-preview":"max-image-preview:large","max-video-preview":"max-video-preview:-1"},"og_locale":"es_ES","og_type":"article","og_title":"Ens ajudes? - Associaci\u00f3 Som Alaire","og_description":"Ens ajudes? Voluntariat Les persones volunt\u00e0ries s\u00f3n una part molt valuosa del nostre projecte. Abans de comen\u00e7ar, oferim una formaci\u00f3 b\u00e0sica sobre el maneig dels cavalls i sobre com donar suport a les sessions d\u2019hipoter\u00e0pia. Les seves tasques poden incloure el suport en les activitats amb cavalls, l\u2019acompanyament durant algunes sessions i la col\u00b7laboraci\u00f3 en [&hellip;]","og_url":"https:\/\/22046.adrirodrigof6.es\/es\/ens-ajudes\/","og_site_name":"Associaci\u00f3 Som Alaire","article_modified_time":"2026-04-12T20:58:06+00:00","og_image":[{"width":2560,"height":1706,"url":"https:\/\/22046.adrirodrigof6.es\/wp-content\/uploads\/2026\/02\/1751266847452-scaled.jpg","type":"image\/jpeg"}],"twitter_card":"summary_large_image","twitter_misc":{"Tiempo de lectura":"2 minutos"},"schema":{"@context":"https:\/\/schema.org","@graph":[{"@type":"WebPage","@id":"https:\/\/22046.adrirodrigof6.es\/ens-ajudes\/","url":"https:\/\/22046.adrirodrigof6.es\/ens-ajudes\/","name":"Ens ajudes? - Associaci\u00f3 Som Alaire","isPartOf":{"@id":"https:\/\/22046.adrirodrigof6.es\/#website"},"primaryImageOfPage":{"@id":"https:\/\/22046.adrirodrigof6.es\/ens-ajudes\/#primaryimage"},"image":{"@id":"https:\/\/22046.adrirodrigof6.es\/ens-ajudes\/#primaryimage"},"thumbnailUrl":"https:\/\/22046.adrirodrigof6.es\/wp-content\/uploads\/2026\/02\/1751266847452-1024x682.jpg","datePublished":"2026-02-15T22:44:16+00:00","dateModified":"2026-04-12T20:58:06+00:00","breadcrumb":{"@id":"https:\/\/22046.adrirodrigof6.es\/ens-ajudes\/#breadcrumb"},"inLanguage":"es","potentialAction":[{"@type":"ReadAction","target":["https:\/\/22046.adrirodrigof6.es\/ens-ajudes\/"]}]},{"@type":"ImageObject","inLanguage":"es","@id":"https:\/\/22046.adrirodrigof6.es\/ens-ajudes\/#primaryimage","url":"https:\/\/22046.adrirodrigof6.es\/wp-content\/uploads\/2026\/02\/1751266847452-1024x682.jpg","contentUrl":"https:\/\/22046.adrirodrigof6.es\/wp-content\/uploads\/2026\/02\/1751266847452-1024x682.jpg"},{"@type":"BreadcrumbList","@id":"https:\/\/22046.adrirodrigof6.es\/ens-ajudes\/#breadcrumb","itemListElement":[{"@type":"ListItem","position":1,"name":"Portada","item":"https:\/\/22046.adrirodrigof6.es\/"},{"@type":"ListItem","position":2,"name":"Ens ajudes?"}]},{"@type":"WebSite","@id":"https:\/\/22046.adrirodrigof6.es\/#website","url":"https:\/\/22046.adrirodrigof6.es\/","name":"Associaci\u00f3 Som Alaire","description":"Ter\u00e0pies assistides amb cavalls","publisher":{"@id":"https:\/\/22046.adrirodrigof6.es\/#organization"},"potentialAction":[{"@type":"SearchAction","target":{"@type":"EntryPoint","urlTemplate":"https:\/\/22046.adrirodrigof6.es\/?s={search_term_string}"},"query-input":{"@type":"PropertyValueSpecification","valueRequired":true,"valueName":"search_term_string"}}],"inLanguage":"es"},{"@type":"Organization","@id":"https:\/\/22046.adrirodrigof6.es\/#organization","name":"Associaci\u00f3 Som Alaire","url":"https:\/\/22046.adrirodrigof6.es\/","logo":{"@type":"ImageObject","inLanguage":"es","@id":"https:\/\/22046.adrirodrigof6.es\/#\/schema\/logo\/image\/","url":"https:\/\/22046.adrirodrigof6.es\/wp-content\/uploads\/2026\/04\/som-alaire-logo-1.png","contentUrl":"https:\/\/22046.adrirodrigof6.es\/wp-content\/uploads\/2026\/04\/som-alaire-logo-1.png","width":972,"height":256,"caption":"Associaci\u00f3 Som Alaire"},"image":{"@id":"https:\/\/22046.adrirodrigof6.es\/#\/schema\/logo\/image\/"}}]}},"_links":{"self":[{"href":"https:\/\/22046.adrirodrigof6.es\/es\/wp-json\/wp\/v2\/pages\/57","targetHints":{"allow":["GET"]}}],"collection":[{"href":"https:\/\/22046.adrirodrigof6.es\/es\/wp-json\/wp\/v2\/pages"}],"about":[{"href":"https:\/\/22046.adrirodrigof6.es\/es\/wp-json\/wp\/v2\/types\/page"}],"author":[{"embeddable":true,"href":"https:\/\/22046.adrirodrigof6.es\/es\/wp-json\/wp\/v2\/users\/7"}],"replies":[{"embeddable":true,"href":"https:\/\/22046.adrirodrigof6.es\/es\/wp-json\/wp\/v2\/comments?post=57"}],"version-history":[{"count":22,"href":"https:\/\/22046.adrirodrigof6.es\/es\/wp-json\/wp\/v2\/pages\/57\/revisions"}],"predecessor-version":[{"id":756,"href":"https:\/\/22046.adrirodrigof6.es\/es\/wp-json\/wp\/v2\/pages\/57\/revisions\/756"}],"wp:attachment":[{"href":"https:\/\/22046.adrirodrigof6.es\/es\/wp-json\/wp\/v2\/media?parent=57"}],"curies":[{"name":"wp","href":"https:\/\/api.w.org\/{rel}","templated":true}]}}