{"id":12,"date":"2025-06-19T16:51:56","date_gmt":"2025-06-19T14:51:56","guid":{"rendered":"https:\/\/22046.adrirodrigof6.es\/?page_id=12"},"modified":"2026-02-16T00:03:38","modified_gmt":"2026-02-15T23:03:38","slug":"cookies","status":"publish","type":"page","link":"https:\/\/22046.adrirodrigof6.es\/es\/cookies\/","title":{"rendered":"Pol\u00edtica de cookies"},"content":{"rendered":"<div data-elementor-type=\"wp-page\" data-elementor-id=\"12\" class=\"elementor elementor-12\" data-elementor-post-type=\"page\">\n\t\t\t\t\t\t<section class=\"elementor-section elementor-top-section elementor-element elementor-element-702956e5 elementor-section-boxed elementor-section-height-default elementor-section-height-default\" data-id=\"702956e5\" data-element_type=\"section\" data-e-type=\"section\">\n\t\t\t\t\t\t<div class=\"elementor-container elementor-column-gap-default\">\n\t\t\t\t\t<div class=\"elementor-column elementor-col-100 elementor-top-column elementor-element elementor-element-6a7f366e\" data-id=\"6a7f366e\" data-element_type=\"column\" data-e-type=\"column\" data-settings=\"{&quot;background_background&quot;:&quot;classic&quot;}\">\n\t\t\t<div class=\"elementor-widget-wrap elementor-element-populated\">\n\t\t\t\t\t<div class=\"elementor-background-overlay\"><\/div>\n\t\t\t\t\t\t<div class=\"elementor-element elementor-element-3f86e0db elementor-widget elementor-widget-heading\" data-id=\"3f86e0db\" data-element_type=\"widget\" data-e-type=\"widget\" data-widget_type=\"heading.default\">\n\t\t\t\t<div class=\"elementor-widget-container\">\n\t\t\t\t\t<h2 class=\"elementor-heading-title elementor-size-default\">Pol\u00edtica de Cookies<\/h2>\t\t\t\t<\/div>\n\t\t\t\t<\/div>\n\t\t\t\t\t<\/div>\n\t\t<\/div>\n\t\t\t\t\t<\/div>\n\t\t<\/section>\n\t\t<div class=\"elementor-element elementor-element-3faab1d7 e-flex e-con-boxed e-con e-parent\" data-id=\"3faab1d7\" data-element_type=\"container\" data-e-type=\"container\">\n\t\t\t\t\t<div class=\"e-con-inner\">\n\t\t\t\t<div class=\"elementor-element elementor-element-78d29366 elementor-widget elementor-widget-text-editor\" data-id=\"78d29366\" data-element_type=\"widget\" data-e-type=\"widget\" data-widget_type=\"text-editor.default\">\n\t\t\t\t<div class=\"elementor-widget-container\">\n\t\t\t\t\t\t\t\t\t<p>Lorem ipsum dolor sit amet consectetur adipiscing elit. Quisque faucibus ex sapien vitae pellentesque sem placerat. In id cursus mi pretium tellus duis convallis. Tempus leo eu aenean sed diam urna tempor. Pulvinar vivamus fringilla lacus nec metus bibendum egestas. Iaculis massa nisl malesuada lacinia integer nunc posuere. Ut hendrerit semper vel class aptent taciti sociosqu. Ad litora torquent per conubia nostra inceptos himenaeos.<\/p><p>Lorem ipsum dolor sit amet consectetur adipiscing elit. Quisque faucibus ex sapien vitae pellentesque sem placerat. In id cursus mi pretium tellus duis convallis. Tempus leo eu aenean sed diam urna tempor. Pulvinar vivamus fringilla lacus nec metus bibendum egestas. Iaculis massa nisl malesuada lacinia integer nunc posuere. Ut hendrerit semper vel class aptent taciti sociosqu. Ad litora torquent per conubia nostra inceptos himenaeos.<\/p><p>Lorem ipsum dolor sit amet consectetur adipiscing elit. Quisque faucibus ex sapien vitae pellentesque sem placerat. In id cursus mi pretium tellus duis convallis. Tempus leo eu aenean sed diam urna tempor. Pulvinar vivamus fringilla lacus nec metus bibendum egestas. Iaculis massa nisl malesuada lacinia integer nunc posuere. Ut hendrerit semper vel class aptent taciti sociosqu. Ad litora torquent per conubia nostra inceptos himenaeos.<\/p><p>Lorem ipsum dolor sit amet consectetur adipiscing elit. Quisque faucibus ex sapien vitae pellentesque sem placerat. In id cursus mi pretium tellus duis convallis. Tempus leo eu aenean sed diam urna tempor. Pulvinar vivamus fringilla lacus nec metus bibendum egestas. Iaculis massa nisl malesuada lacinia integer nunc posuere. Ut hendrerit semper vel class aptent taciti sociosqu. Ad litora torquent per conubia nostra inceptos himenaeos.<\/p><p>Lorem ipsum dolor sit amet consectetur adipiscing elit. Quisque faucibus ex sapien vitae pellentesque sem placerat. In id cursus mi pretium tellus duis convallis. Tempus leo eu aenean sed diam urna tempor. Pulvinar vivamus fringilla lacus nec metus bibendum egestas. Iaculis massa nisl malesuada lacinia integer nunc posuere. Ut hendrerit semper vel class aptent taciti sociosqu. Ad litora torquent per conubia nostra inceptos himenaeos.<\/p>\t\t\t\t\t\t\t\t<\/div>\n\t\t\t\t<\/div>\n\t\t\t\t\t<\/div>\n\t\t\t\t<\/div>\n\t\t\t\t<\/div>","protected":false},"excerpt":{"rendered":"<p>Pol\u00edtica de Cookies Lorem ipsum dolor sit amet consectetur adipiscing elit. Quisque faucibus ex sapien vitae pellentesque sem placerat. In id cursus mi pretium tellus duis convallis. Tempus leo eu aenean sed diam urna tempor. Pulvinar vivamus fringilla lacus nec metus bibendum egestas. Iaculis massa nisl malesuada lacinia integer nunc posuere. Ut hendrerit semper vel [&hellip;]<\/p>\n","protected":false},"author":2,"featured_media":0,"parent":0,"menu_order":0,"comment_status":"closed","ping_status":"closed","template":"elementor_header_footer","meta":{"footnotes":""},"class_list":["post-12","page","type-page","status-publish","hentry"],"yoast_head":"<!-- This site is optimized with the Yoast SEO plugin v27.4 - https:\/\/yoast.com\/product\/yoast-seo-wordpress\/ -->\n<title>Pol\u00edtica de cookies - Associaci\u00f3 Som Alaire<\/title>\n<meta name=\"robots\" content=\"noindex, follow\" \/>\n<meta property=\"og:locale\" content=\"es_ES\" \/>\n<meta property=\"og:type\" content=\"article\" \/>\n<meta property=\"og:title\" content=\"Pol\u00edtica de cookies - Associaci\u00f3 Som Alaire\" \/>\n<meta property=\"og:description\" content=\"Pol\u00edtica de Cookies Lorem ipsum dolor sit amet consectetur adipiscing elit. Quisque faucibus ex sapien vitae pellentesque sem placerat. In id cursus mi pretium tellus duis convallis. Tempus leo eu aenean sed diam urna tempor. Pulvinar vivamus fringilla lacus nec metus bibendum egestas. Iaculis massa nisl malesuada lacinia integer nunc posuere. Ut hendrerit semper vel [&hellip;]\" \/>\n<meta property=\"og:url\" content=\"https:\/\/22046.adrirodrigof6.es\/es\/cookies\/\" \/>\n<meta property=\"og:site_name\" content=\"Associaci\u00f3 Som Alaire\" \/>\n<meta property=\"article:modified_time\" content=\"2026-02-15T23:03:38+00:00\" \/>\n<meta name=\"twitter:card\" content=\"summary_large_image\" \/>\n<meta name=\"twitter:label1\" content=\"Tiempo de lectura\" \/>\n\t<meta name=\"twitter:data1\" content=\"2 minutos\" \/>\n<script type=\"application\/ld+json\" class=\"yoast-schema-graph\">{\"@context\":\"https:\\\/\\\/schema.org\",\"@graph\":[{\"@type\":\"WebPage\",\"@id\":\"https:\\\/\\\/22046.adrirodrigof6.es\\\/cookies\\\/\",\"url\":\"https:\\\/\\\/22046.adrirodrigof6.es\\\/cookies\\\/\",\"name\":\"Pol\u00edtica de cookies - Associaci\u00f3 Som Alaire\",\"isPartOf\":{\"@id\":\"https:\\\/\\\/22046.adrirodrigof6.es\\\/#website\"},\"datePublished\":\"2025-06-19T14:51:56+00:00\",\"dateModified\":\"2026-02-15T23:03:38+00:00\",\"breadcrumb\":{\"@id\":\"https:\\\/\\\/22046.adrirodrigof6.es\\\/cookies\\\/#breadcrumb\"},\"inLanguage\":\"es\",\"potentialAction\":[{\"@type\":\"ReadAction\",\"target\":[\"https:\\\/\\\/22046.adrirodrigof6.es\\\/cookies\\\/\"]}]},{\"@type\":\"BreadcrumbList\",\"@id\":\"https:\\\/\\\/22046.adrirodrigof6.es\\\/cookies\\\/#breadcrumb\",\"itemListElement\":[{\"@type\":\"ListItem\",\"position\":1,\"name\":\"Portada\",\"item\":\"https:\\\/\\\/22046.adrirodrigof6.es\\\/\"},{\"@type\":\"ListItem\",\"position\":2,\"name\":\"Pol\u00edtica de cookies\"}]},{\"@type\":\"WebSite\",\"@id\":\"https:\\\/\\\/22046.adrirodrigof6.es\\\/#website\",\"url\":\"https:\\\/\\\/22046.adrirodrigof6.es\\\/\",\"name\":\"Associaci\u00f3 Som Alaire\",\"description\":\"Ter\u00e0pies assistides amb cavalls\",\"publisher\":{\"@id\":\"https:\\\/\\\/22046.adrirodrigof6.es\\\/#organization\"},\"potentialAction\":[{\"@type\":\"SearchAction\",\"target\":{\"@type\":\"EntryPoint\",\"urlTemplate\":\"https:\\\/\\\/22046.adrirodrigof6.es\\\/?s={search_term_string}\"},\"query-input\":{\"@type\":\"PropertyValueSpecification\",\"valueRequired\":true,\"valueName\":\"search_term_string\"}}],\"inLanguage\":\"es\"},{\"@type\":\"Organization\",\"@id\":\"https:\\\/\\\/22046.adrirodrigof6.es\\\/#organization\",\"name\":\"Associaci\u00f3 Som Alaire\",\"url\":\"https:\\\/\\\/22046.adrirodrigof6.es\\\/\",\"logo\":{\"@type\":\"ImageObject\",\"inLanguage\":\"es\",\"@id\":\"https:\\\/\\\/22046.adrirodrigof6.es\\\/#\\\/schema\\\/logo\\\/image\\\/\",\"url\":\"https:\\\/\\\/22046.adrirodrigof6.es\\\/wp-content\\\/uploads\\\/2026\\\/04\\\/som-alaire-logo-1.png\",\"contentUrl\":\"https:\\\/\\\/22046.adrirodrigof6.es\\\/wp-content\\\/uploads\\\/2026\\\/04\\\/som-alaire-logo-1.png\",\"width\":972,\"height\":256,\"caption\":\"Associaci\u00f3 Som Alaire\"},\"image\":{\"@id\":\"https:\\\/\\\/22046.adrirodrigof6.es\\\/#\\\/schema\\\/logo\\\/image\\\/\"}}]}<\/script>\n<!-- \/ Yoast SEO plugin. -->","yoast_head_json":{"title":"Pol\u00edtica de cookies - Associaci\u00f3 Som Alaire","robots":{"index":"noindex","follow":"follow"},"og_locale":"es_ES","og_type":"article","og_title":"Pol\u00edtica de cookies - Associaci\u00f3 Som Alaire","og_description":"Pol\u00edtica de Cookies Lorem ipsum dolor sit amet consectetur adipiscing elit. Quisque faucibus ex sapien vitae pellentesque sem placerat. In id cursus mi pretium tellus duis convallis. Tempus leo eu aenean sed diam urna tempor. Pulvinar vivamus fringilla lacus nec metus bibendum egestas. Iaculis massa nisl malesuada lacinia integer nunc posuere. Ut hendrerit semper vel [&hellip;]","og_url":"https:\/\/22046.adrirodrigof6.es\/es\/cookies\/","og_site_name":"Associaci\u00f3 Som Alaire","article_modified_time":"2026-02-15T23:03:38+00:00","twitter_card":"summary_large_image","twitter_misc":{"Tiempo de lectura":"2 minutos"},"schema":{"@context":"https:\/\/schema.org","@graph":[{"@type":"WebPage","@id":"https:\/\/22046.adrirodrigof6.es\/cookies\/","url":"https:\/\/22046.adrirodrigof6.es\/cookies\/","name":"Pol\u00edtica de cookies - Associaci\u00f3 Som Alaire","isPartOf":{"@id":"https:\/\/22046.adrirodrigof6.es\/#website"},"datePublished":"2025-06-19T14:51:56+00:00","dateModified":"2026-02-15T23:03:38+00:00","breadcrumb":{"@id":"https:\/\/22046.adrirodrigof6.es\/cookies\/#breadcrumb"},"inLanguage":"es","potentialAction":[{"@type":"ReadAction","target":["https:\/\/22046.adrirodrigof6.es\/cookies\/"]}]},{"@type":"BreadcrumbList","@id":"https:\/\/22046.adrirodrigof6.es\/cookies\/#breadcrumb","itemListElement":[{"@type":"ListItem","position":1,"name":"Portada","item":"https:\/\/22046.adrirodrigof6.es\/"},{"@type":"ListItem","position":2,"name":"Pol\u00edtica de cookies"}]},{"@type":"WebSite","@id":"https:\/\/22046.adrirodrigof6.es\/#website","url":"https:\/\/22046.adrirodrigof6.es\/","name":"Associaci\u00f3 Som Alaire","description":"Ter\u00e0pies assistides amb cavalls","publisher":{"@id":"https:\/\/22046.adrirodrigof6.es\/#organization"},"potentialAction":[{"@type":"SearchAction","target":{"@type":"EntryPoint","urlTemplate":"https:\/\/22046.adrirodrigof6.es\/?s={search_term_string}"},"query-input":{"@type":"PropertyValueSpecification","valueRequired":true,"valueName":"search_term_string"}}],"inLanguage":"es"},{"@type":"Organization","@id":"https:\/\/22046.adrirodrigof6.es\/#organization","name":"Associaci\u00f3 Som Alaire","url":"https:\/\/22046.adrirodrigof6.es\/","logo":{"@type":"ImageObject","inLanguage":"es","@id":"https:\/\/22046.adrirodrigof6.es\/#\/schema\/logo\/image\/","url":"https:\/\/22046.adrirodrigof6.es\/wp-content\/uploads\/2026\/04\/som-alaire-logo-1.png","contentUrl":"https:\/\/22046.adrirodrigof6.es\/wp-content\/uploads\/2026\/04\/som-alaire-logo-1.png","width":972,"height":256,"caption":"Associaci\u00f3 Som Alaire"},"image":{"@id":"https:\/\/22046.adrirodrigof6.es\/#\/schema\/logo\/image\/"}}]}},"_links":{"self":[{"href":"https:\/\/22046.adrirodrigof6.es\/es\/wp-json\/wp\/v2\/pages\/12","targetHints":{"allow":["GET"]}}],"collection":[{"href":"https:\/\/22046.adrirodrigof6.es\/es\/wp-json\/wp\/v2\/pages"}],"about":[{"href":"https:\/\/22046.adrirodrigof6.es\/es\/wp-json\/wp\/v2\/types\/page"}],"author":[{"embeddable":true,"href":"https:\/\/22046.adrirodrigof6.es\/es\/wp-json\/wp\/v2\/users\/2"}],"replies":[{"embeddable":true,"href":"https:\/\/22046.adrirodrigof6.es\/es\/wp-json\/wp\/v2\/comments?post=12"}],"version-history":[{"count":5,"href":"https:\/\/22046.adrirodrigof6.es\/es\/wp-json\/wp\/v2\/pages\/12\/revisions"}],"predecessor-version":[{"id":222,"href":"https:\/\/22046.adrirodrigof6.es\/es\/wp-json\/wp\/v2\/pages\/12\/revisions\/222"}],"wp:attachment":[{"href":"https:\/\/22046.adrirodrigof6.es\/es\/wp-json\/wp\/v2\/media?parent=12"}],"curies":[{"name":"wp","href":"https:\/\/api.w.org\/{rel}","templated":true}]}}